{"id":6,"date":"2020-06-09T20:58:51","date_gmt":"2020-06-09T18:58:51","guid":{"rendered":"http:\/\/scena-spectabilis.fr\/?page_id=6"},"modified":"2026-04-07T11:06:44","modified_gmt":"2026-04-07T09:06:44","slug":"accueil","status":"publish","type":"page","link":"https:\/\/scena-spectabilis.fr\/","title":{"rendered":"Accueil"},"content":{"rendered":"\n<h2>Notre Compagnie<\/h2>\n\n\n\n<p>Notre troupe est une mosa\u00efque de parcours, de voix et de sensibilit\u00e9s. De la diversit\u00e9 de nos horizons na\u00eet une \u00e9nergie commune, port\u00e9e par la rigueur, le travail et une joie profonde de cr\u00e9er ensemble.<\/p>\n\n\n\n<p>Au fil du temps, malgr\u00e9 les chemins qui se dessinent et les ann\u00e9es qui passent, une m\u00eame flamme nous anime : celle du th\u00e9\u00e2tre, vivante, vibrante, essentielle. Elle nous rassemble, encore et toujours.<\/p>\n\n\n\n<p>Engag\u00e9s dans notre \u00e9poque, nous fa\u00e7onnons des cr\u00e9ations qui interrogent le monde et ses r\u00e9sonances, notamment aupr\u00e8s du jeune public, avec le d\u00e9sir de semer des graines de r\u00e9flexion et d\u2019\u00e9motion.<\/p>\n\n\n\n<p>Nos spectacles explorent des univers multiples, s\u2019adressant \u00e0 toutes et tous, sans fronti\u00e8res ni barri\u00e8res.<\/p>\n\n\n\n<p>Notre mission : faire na\u00eetre l\u2019\u00e9motion, \u00e9veiller les consciences et, le temps d\u2019un instant suspendu, vous emporter ailleurs.<\/p>\n\n\n\n<p>&#8220;Une pi\u00e8ce de th\u00e9\u00e2tre sert \u00e0 donner du travail aux com\u00e9diens et du plaisir aux spectateurs.&#8221;   <em>Jean Anouilh<\/em><\/p>\n","protected":false},"excerpt":{"rendered":"<p>Notre Compagnie Notre troupe est une mosa\u00efque de parcours, de voix et de sensibilit\u00e9s. De la diversit\u00e9 de nos horizons na\u00eet une \u00e9nergie commune, port\u00e9e par la rigueur, le travail et une joie profonde de cr\u00e9er ensemble. Au fil du temps, malgr\u00e9 les chemins qui se dessinent et les ann\u00e9es qui passent, une m\u00eame flamme &hellip; <\/p>\n<p class=\"link-more\"><a href=\"https:\/\/scena-spectabilis.fr\/\" class=\"more-link\">Continue reading<span class=\"screen-reader-text\"> &#8220;Accueil&#8221;<\/span><\/a><\/p>\n","protected":false},"author":2,"featured_media":0,"parent":0,"menu_order":0,"comment_status":"closed","ping_status":"closed","template":"","meta":{"advgb_blocks_editor_width":"","advgb_blocks_columns_visual_guide":""},"_links":{"self":[{"href":"https:\/\/scena-spectabilis.fr\/index.php\/wp-json\/wp\/v2\/pages\/6"}],"collection":[{"href":"https:\/\/scena-spectabilis.fr\/index.php\/wp-json\/wp\/v2\/pages"}],"about":[{"href":"https:\/\/scena-spectabilis.fr\/index.php\/wp-json\/wp\/v2\/types\/page"}],"author":[{"embeddable":true,"href":"https:\/\/scena-spectabilis.fr\/index.php\/wp-json\/wp\/v2\/users\/2"}],"replies":[{"embeddable":true,"href":"https:\/\/scena-spectabilis.fr\/index.php\/wp-json\/wp\/v2\/comments?post=6"}],"version-history":[{"count":10,"href":"https:\/\/scena-spectabilis.fr\/index.php\/wp-json\/wp\/v2\/pages\/6\/revisions"}],"predecessor-version":[{"id":276,"href":"https:\/\/scena-spectabilis.fr\/index.php\/wp-json\/wp\/v2\/pages\/6\/revisions\/276"}],"wp:attachment":[{"href":"https:\/\/scena-spectabilis.fr\/index.php\/wp-json\/wp\/v2\/media?parent=6"}],"curies":[{"name":"wp","href":"https:\/\/api.w.org\/{rel}","templated":true}]}}